{"id":30277,"date":"2025-10-31T10:24:28","date_gmt":"2025-10-31T10:24:28","guid":{"rendered":"https:\/\/staging.murverrestaurant.com\/?page_id=30277"},"modified":"2025-11-17T19:42:48","modified_gmt":"2025-11-17T19:42:48","slug":"homepage","status":"publish","type":"page","link":"http:\/\/www.murverrestaurant.com\/tr\/","title":{"rendered":"Anasayfa"},"content":{"rendered":"<div data-elementor-type=\"wp-page\" data-elementor-id=\"30277\" class=\"elementor elementor-30277\">\n\t\t\t\t<div class=\"elementor-element elementor-element-d3f8d04 e-con-full e-flex e-con e-parent\" data-id=\"d3f8d04\" data-element_type=\"container\" data-settings=\"{&quot;position&quot;:&quot;fixed&quot;}\">\n\t\t\t\t<\/div>\n\t\t<div class=\"wd-negative-gap elementor-element elementor-element-d2875e1 e-flex e-con-boxed e-con e-parent\" data-id=\"d2875e1\" data-element_type=\"container\">\n\t\t\t\t\t<div class=\"e-con-inner\">\n\t\t\t\t<div class=\"elementor-element elementor-element-f17aea5 elementor-widget elementor-widget-wd_text_block\" data-id=\"f17aea5\" data-element_type=\"widget\" data-widget_type=\"wd_text_block.default\">\n\t\t\t\t<div class=\"elementor-widget-container\">\n\t\t\t\t\t\t\t<div class=\"wd-text-block reset-last-child text-center\">\n\t\t\t\n\t\t\t<p style=\"color: white; font-family: urwclassico; font-size: 16px;\">\n\u0130stanbul\u2019un ilk \u00e7a\u011fda\u015f canl\u0131 ate\u015f restoran\u0131 M\u00fcrver\u2019in kap\u0131lar\u0131n\u0131 2017\u2019de a\u00e7t\u0131k.\n\u0130lk g\u00fcnden beri bulabildi\u011fimiz en iyi \u00fcr\u00fcnleri ve tabii ki \u00e7o\u011funlukla yerel ve mevsimsel malzemeleri kullan\u0131yoruz. Etlerimizi ve bal\u0131klar\u0131m\u0131z\u0131 kuru dinlendiriyoruz. Sucuk, kuru et, tur\u015fu gibi bir\u00e7ok \u00fcr\u00fcn\u00fc kendi mutfa\u011f\u0131m\u0131zda yap\u0131yoruz.<\/p>\n&nbsp;\n<p style=\"color: white; font-family: urwclassico; font-size: 16px;\">\n\u0130lham\u0131m\u0131z\u0131 b\u00f6lgenin k\u00f6kl\u00fc yemek k\u00fclt\u00fcr\u00fcnden al\u0131yoruz.\nMerkezimizde a\u00e7\u0131k mutfak ve canl\u0131 ate\u015f var. Yemekler, \u0131zgarada, t\u00fcts\u00fcleyicide, ta\u015f f\u0131r\u0131nda, d\u00f6k\u00fcm tencerede pi\u015fiyor. \nAte\u015f; odun, k\u00f6m\u00fcr, yemi\u015f kabuklar\u0131 ve aromatik bitkilerle besleniyor. \nT\u00fcm yemeklerimizin d\u00fcr\u00fcst, net, \u00e7a\u011fda\u015f, \u00e7etrefilsiz ve en \u00f6nemlisi lezzetli olmas\u0131na gayret ediyoruz.<\/p>\n\n&nbsp;\n<p style=\"color: white; font-family: urwclassico; font-size: 16px;\">\nKav\u0131m\u0131zda d\u00fcnyan\u0131n farkl\u0131 b\u00f6lgelerinden \u00e7ok keyifli \u015faraplara yer versek de \u00f6zellikle T\u00fcrkiye\u2019de \u00fcretilen \u015faraplara ve yerel \u00fcz\u00fcmlere odaklan\u0131yoruz.<\/p>\n\n&nbsp;\n<p style=\"color: white; font-family: urwclassico; font-size: 16px;\">\nRestoran ve bar\u0131n payla\u015ft\u0131\u011f\u0131 geni\u015f teras, Tarihi Yar\u0131mada\u2019n\u0131n ve Bo\u011faz\u2019\u0131n e\u015fsiz manzaralar\u0131na ev sahipli\u011fi yap\u0131yor.<\/p>\n\t\t\t\t\t<\/div>\n\t\t\t\t\t\t<\/div>\n\t\t\t\t<\/div>\n\t\t\t\t\t<\/div>\n\t\t\t\t<\/div>\n\t\t\t\t<\/div>","protected":false},"excerpt":{"rendered":"<p>M\u00fcrver, \u0130stanbul\u2019s first live fire restaurant, opened its doors in 2017. We have been using the best produce we can<\/p>","protected":false},"author":2,"featured_media":0,"parent":0,"menu_order":0,"comment_status":"closed","ping_status":"closed","template":"","meta":{"footnotes":""},"class_list":["post-30277","page","type-page","status-publish","hentry"],"_links":{"self":[{"href":"http:\/\/www.murverrestaurant.com\/tr\/wp-json\/wp\/v2\/pages\/30277","targetHints":{"allow":["GET"]}}],"collection":[{"href":"http:\/\/www.murverrestaurant.com\/tr\/wp-json\/wp\/v2\/pages"}],"about":[{"href":"http:\/\/www.murverrestaurant.com\/tr\/wp-json\/wp\/v2\/types\/page"}],"author":[{"embeddable":true,"href":"http:\/\/www.murverrestaurant.com\/tr\/wp-json\/wp\/v2\/users\/2"}],"replies":[{"embeddable":true,"href":"http:\/\/www.murverrestaurant.com\/tr\/wp-json\/wp\/v2\/comments?post=30277"}],"version-history":[{"count":15,"href":"http:\/\/www.murverrestaurant.com\/tr\/wp-json\/wp\/v2\/pages\/30277\/revisions"}],"predecessor-version":[{"id":30327,"href":"http:\/\/www.murverrestaurant.com\/tr\/wp-json\/wp\/v2\/pages\/30277\/revisions\/30327"}],"wp:attachment":[{"href":"http:\/\/www.murverrestaurant.com\/tr\/wp-json\/wp\/v2\/media?parent=30277"}],"curies":[{"name":"wp","href":"https:\/\/api.w.org\/{rel}","templated":true}]}}