{"id":4400,"date":"2021-10-12T15:51:09","date_gmt":"2021-10-12T15:51:09","guid":{"rendered":"http:\/\/dummy.xtemos.com\/woodmart2\/elementor\/?page_id=4400"},"modified":"2025-12-22T07:40:18","modified_gmt":"2025-12-22T07:40:18","slug":"about-us","status":"publish","type":"page","link":"https:\/\/www.murverrestaurant.com\/tr\/about-us\/","title":{"rendered":"About Us"},"content":{"rendered":"<div data-elementor-type=\"wp-page\" data-elementor-id=\"4400\" class=\"elementor elementor-4400\">\n\t\t\t\t<div class=\"elementor-element elementor-element-359ae78 e-con-full e-transform e-transform e-transform e-flex e-con e-parent\" data-id=\"359ae78\" data-element_type=\"container\" data-settings=\"{&quot;_transform_translateX_effect&quot;:{&quot;unit&quot;:&quot;px&quot;,&quot;size&quot;:0,&quot;sizes&quot;:[]},&quot;_transform_translateY_effect&quot;:{&quot;unit&quot;:&quot;px&quot;,&quot;size&quot;:0,&quot;sizes&quot;:[]},&quot;_transform_scale_effect&quot;:{&quot;unit&quot;:&quot;px&quot;,&quot;size&quot;:1,&quot;sizes&quot;:[]},&quot;_transform_translateX_effect_tablet&quot;:{&quot;unit&quot;:&quot;px&quot;,&quot;size&quot;:&quot;&quot;,&quot;sizes&quot;:[]},&quot;_transform_translateX_effect_mobile&quot;:{&quot;unit&quot;:&quot;px&quot;,&quot;size&quot;:&quot;&quot;,&quot;sizes&quot;:[]},&quot;_transform_translateY_effect_tablet&quot;:{&quot;unit&quot;:&quot;px&quot;,&quot;size&quot;:&quot;&quot;,&quot;sizes&quot;:[]},&quot;_transform_translateY_effect_mobile&quot;:{&quot;unit&quot;:&quot;px&quot;,&quot;size&quot;:&quot;&quot;,&quot;sizes&quot;:[]},&quot;_transform_scale_effect_tablet&quot;:{&quot;unit&quot;:&quot;px&quot;,&quot;size&quot;:&quot;&quot;,&quot;sizes&quot;:[]},&quot;_transform_scale_effect_mobile&quot;:{&quot;unit&quot;:&quot;px&quot;,&quot;size&quot;:&quot;&quot;,&quot;sizes&quot;:[]},&quot;_transform_skewX_effect&quot;:{&quot;unit&quot;:&quot;px&quot;,&quot;size&quot;:&quot;&quot;,&quot;sizes&quot;:[]},&quot;_transform_skewX_effect_tablet&quot;:{&quot;unit&quot;:&quot;deg&quot;,&quot;size&quot;:&quot;&quot;,&quot;sizes&quot;:[]},&quot;_transform_skewX_effect_mobile&quot;:{&quot;unit&quot;:&quot;deg&quot;,&quot;size&quot;:&quot;&quot;,&quot;sizes&quot;:[]},&quot;_transform_skewY_effect&quot;:{&quot;unit&quot;:&quot;px&quot;,&quot;size&quot;:&quot;&quot;,&quot;sizes&quot;:[]},&quot;_transform_skewY_effect_tablet&quot;:{&quot;unit&quot;:&quot;deg&quot;,&quot;size&quot;:&quot;&quot;,&quot;sizes&quot;:[]},&quot;_transform_skewY_effect_mobile&quot;:{&quot;unit&quot;:&quot;deg&quot;,&quot;size&quot;:&quot;&quot;,&quot;sizes&quot;:[]}}\">\n\t\t<div class=\"elementor-element elementor-element-1eafc6d e-con-full elementor-hidden-mobile e-flex e-con e-child\" data-id=\"1eafc6d\" data-element_type=\"container\">\n\t\t\t\t<div class=\"elementor-element elementor-element-33fd1eb elementor-widget__width-initial elementor-widget elementor-widget-wd_text_block\" data-id=\"33fd1eb\" data-element_type=\"widget\" data-widget_type=\"wd_text_block.default\">\n\t\t\t\t<div class=\"elementor-widget-container\">\n\t\t\t\t\t\t\t<div class=\"wd-text-block reset-last-child text-center\">\n\t\t\t\n\t\t\t<div style=\"display: row;\">\n<div style=\"margin-bottom: 2%;\"><strong style=\"color: white; font-family: urwbold; font-size: 25px;\">\nMEVL\u00dcT \u00d6ZKAYA<\/strong><\/div>\n<div style=\"margin-bottom: 2%;\"><strong style=\"color: white; font-family: urwbold; font-size: 20px;\">\n\u015eEF<\/strong><\/div>\n<div>\n<p style=\"color: white; font-family: urwclassico !important; font-size: 16px;\">\u015eef Mevl\u00fct \u00d6zkaya, y\u00f6netti\u011fi ekibiyle birlikte M\u00fcrver\u2019in \u00e7a\u011fda\u015f, net ve lezzetli yemeklerini yarat\u0131yor. Yemek men\u00fcs\u00fcn\u00fc mevsimin ritmine g\u00f6re \u015fekillendirirken oda\u011f\u0131nda her zaman canl\u0131 ate\u015f var. Anadolu\u2019nun zengin mutfak miras\u0131ndan beslenen Mevl\u00fct\u2019\u00fcn yeme\u011fe yakla\u015f\u0131m\u0131 yerel malzemenin potansiyelini ortaya koymak \u00fczerine kurulu.<\/p>\n\n<\/div>\n<\/div>\n\t\t\t\t\t<\/div>\n\t\t\t\t\t\t<\/div>\n\t\t\t\t<\/div>\n\t\t\t\t<\/div>\n\t\t<div class=\"elementor-element elementor-element-ed2e68a e-con-full elementor-hidden-desktop elementor-hidden-tablet e-flex e-con e-child\" data-id=\"ed2e68a\" data-element_type=\"container\">\n\t\t\t\t<div class=\"elementor-element elementor-element-b23856f elementor-widget elementor-widget-wd_text_block\" data-id=\"b23856f\" data-element_type=\"widget\" data-widget_type=\"wd_text_block.default\">\n\t\t\t\t<div class=\"elementor-widget-container\">\n\t\t\t\t\t\t\t<div class=\"wd-text-block reset-last-child text-center\">\n\t\t\t\n\t\t\t<p style=\"color: white; font-family: urwclassico; font-size: 12px;\">Ba\u015f \u015fef Mevl\u00fct \u00d6zkaya, ekibini tezgahlar\u0131n arkas\u0131nda y\u00f6nlendirerek s\u00fcrekli olarak \u00e7a\u011fda\u015f, sade ve lezzetli yemekler yarat\u0131r. Canl\u0131 ate\u015fe olan sars\u0131lmaz odaklanmas\u0131yla, ak\u015fam men\u00fcs\u00fcn\u00fc mevsimlerin de\u011fi\u015fim ritmine g\u00f6re g\u00fcnceller. Anadolu\u2019nun zengin mutfak miras\u0131ndan ilham alan Mevl\u00fct\u2019\u00fcn yemek pi\u015firme yakla\u015f\u0131m\u0131, yerel malzemelerin en iyi \u015fekilde \u00f6ne \u00e7\u0131kar\u0131lmas\u0131n\u0131 ve canl\u0131 ate\u015fin dinamizmini bir araya getirir.<\/p>\n\t\t\t\t\t<\/div>\n\t\t\t\t\t\t<\/div>\n\t\t\t\t<\/div>\n\t\t\t\t<\/div>\n\t\t<div class=\"elementor-element elementor-element-39ee082 e-con-full elementor-hidden-mobile e-flex e-con e-child\" data-id=\"39ee082\" data-element_type=\"container\">\n\t\t\t\t<div class=\"elementor-element elementor-element-2d5a76e elementor-widget__width-inherit elementor-widget elementor-widget-wd_image_or_svg\" data-id=\"2d5a76e\" data-element_type=\"widget\" data-widget_type=\"wd_image_or_svg.default\">\n\t\t\t\t<div class=\"elementor-widget-container\">\n\t\t\t\t\t\n\t\t<div class=\"wd-image text-left\">\n\t\t\t\t\t\t\t\t<img fetchpriority=\"high\" decoding=\"async\" width=\"1700\" height=\"1700\" src=\"https:\/\/www.murverrestaurant.com\/wp-content\/uploads\/2025\/10\/head-chef-scaled-e1759908456538.jpg\" class=\"attachment-full size-full\" alt=\"\" srcset=\"https:\/\/www.murverrestaurant.com\/wp-content\/uploads\/2025\/10\/head-chef-scaled-e1759908456538.jpg 1700w, https:\/\/www.murverrestaurant.com\/wp-content\/uploads\/2025\/10\/head-chef-scaled-e1759908456538-430x430.jpg 430w, https:\/\/www.murverrestaurant.com\/wp-content\/uploads\/2025\/10\/head-chef-scaled-e1759908456538-150x150.jpg 150w, https:\/\/www.murverrestaurant.com\/wp-content\/uploads\/2025\/10\/head-chef-scaled-e1759908456538-700x700.jpg 700w, https:\/\/www.murverrestaurant.com\/wp-content\/uploads\/2025\/10\/head-chef-scaled-e1759908456538-300x300.jpg 300w, https:\/\/www.murverrestaurant.com\/wp-content\/uploads\/2025\/10\/head-chef-scaled-e1759908456538-800x800.jpg 800w, https:\/\/www.murverrestaurant.com\/wp-content\/uploads\/2025\/10\/head-chef-scaled-e1759908456538-768x768.jpg 768w, https:\/\/www.murverrestaurant.com\/wp-content\/uploads\/2025\/10\/head-chef-scaled-e1759908456538-1536x1536.jpg 1536w\" sizes=\"(max-width: 1700px) 100vw, 1700px\" \/>\t\t\t\t\t<\/div>\n\n\t\t\t\t\t\t<\/div>\n\t\t\t\t<\/div>\n\t\t\t\t<\/div>\n\t\t\t\t<\/div>\n\t\t<div class=\"wd-negative-gap elementor-element elementor-element-fbb08ae e-flex e-con-boxed e-con e-parent\" data-id=\"fbb08ae\" data-element_type=\"container\">\n\t\t\t\t\t<div class=\"e-con-inner\">\n\t\t<div class=\"elementor-element elementor-element-6381f4a e-con-full elementor-hidden-mobile e-flex e-con e-child\" data-id=\"6381f4a\" data-element_type=\"container\">\n\t\t\t\t<div class=\"elementor-element elementor-element-305b25a elementor-widget elementor-widget-wd_image_or_svg\" data-id=\"305b25a\" data-element_type=\"widget\" data-widget_type=\"wd_image_or_svg.default\">\n\t\t\t\t<div class=\"elementor-widget-container\">\n\t\t\t\t\t\n\t\t<div class=\"wd-image text-left\">\n\t\t\t\t\t\t\t\t<img decoding=\"async\" width=\"1080\" height=\"1080\" src=\"https:\/\/www.murverrestaurant.com\/wp-content\/uploads\/2025\/10\/FatihDeniz-e1760968339934.png\" class=\"attachment-full size-full\" alt=\"\" srcset=\"https:\/\/www.murverrestaurant.com\/wp-content\/uploads\/2025\/10\/FatihDeniz-e1760968339934.png 1080w, https:\/\/www.murverrestaurant.com\/wp-content\/uploads\/2025\/10\/FatihDeniz-e1760968339934-300x300.png 300w, https:\/\/www.murverrestaurant.com\/wp-content\/uploads\/2025\/10\/FatihDeniz-e1760968339934-800x800.png 800w, https:\/\/www.murverrestaurant.com\/wp-content\/uploads\/2025\/10\/FatihDeniz-e1760968339934-150x150.png 150w, https:\/\/www.murverrestaurant.com\/wp-content\/uploads\/2025\/10\/FatihDeniz-e1760968339934-768x768.png 768w, https:\/\/www.murverrestaurant.com\/wp-content\/uploads\/2025\/10\/FatihDeniz-e1760968339934-12x12.png 12w, https:\/\/www.murverrestaurant.com\/wp-content\/uploads\/2025\/10\/FatihDeniz-e1760968339934-430x430.png 430w, https:\/\/www.murverrestaurant.com\/wp-content\/uploads\/2025\/10\/FatihDeniz-e1760968339934-700x700.png 700w\" sizes=\"(max-width: 1080px) 100vw, 1080px\" \/>\t\t\t\t\t<\/div>\n\n\t\t\t\t\t\t<\/div>\n\t\t\t\t<\/div>\n\t\t\t\t<\/div>\n\t\t<div class=\"elementor-element elementor-element-67247e4 e-con-full elementor-hidden-desktop elementor-hidden-tablet e-flex e-con e-child\" data-id=\"67247e4\" data-element_type=\"container\">\n\t\t\t\t<div class=\"elementor-element elementor-element-f7e77c8 elementor-widget elementor-widget-wd_text_block\" data-id=\"f7e77c8\" data-element_type=\"widget\" data-widget_type=\"wd_text_block.default\">\n\t\t\t\t<div class=\"elementor-widget-container\">\n\t\t\t\t\t\t\t<div class=\"wd-text-block reset-last-child text-center\">\n\t\t\t\n\t\t\t<p style=\"color: white; font-family: urwclassico; font-size: 12px;\">Fatih Deniz, M\u00fcrver\u2019in geni\u015f \u015farap se\u00e7kisi, modern bar\u0131 ve misafirperver servisi arkas\u0131ndaki ekibin temel \u00fcyelerinden biridir. Yerel \u015faraplar\u0131 \u00f6ne \u00e7\u0131karma konusundaki oda\u011f\u0131yla, \u015farap listesinin \u00e7a\u011fda\u015f ve g\u00fcncel kalmas\u0131n\u0131 sa\u011flar. Ekibiyle birlikte, misafirlere en iyi deneyimi sunmak i\u00e7in \u00e7al\u0131\u015f\u0131r.<\/p>\n\t\t\t\t\t<\/div>\n\t\t\t\t\t\t<\/div>\n\t\t\t\t<\/div>\n\t\t\t\t<\/div>\n\t\t<div class=\"elementor-element elementor-element-fec428c e-con-full elementor-hidden-mobile e-flex e-con e-child\" data-id=\"fec428c\" data-element_type=\"container\">\n\t\t\t\t<div class=\"elementor-element elementor-element-6884b2f elementor-widget__width-initial elementor-widget elementor-widget-wd_text_block\" data-id=\"6884b2f\" data-element_type=\"widget\" data-widget_type=\"wd_text_block.default\">\n\t\t\t\t<div class=\"elementor-widget-container\">\n\t\t\t\t\t\t\t<div class=\"wd-text-block reset-last-child text-center\">\n\t\t\t\n\t\t\t<div style=\"display: row;\">\n<div style=\"margin-bottom: 2%;\"><strong style=\"color: white; font-family: urwbold; font-size: 25px;\">\nFAT\u0130H DEN\u0130Z<\/strong><\/div>\n<div style=\"margin-bottom: 2%;\"><strong style=\"color: white; font-family: urwbold; font-size: 20px;\">\nRESTORAN Y\u00d6NET\u0130C\u0130S\u0130 YARDIMCISI<\/strong><\/div>\n<div><p style=\"color: white; font-family: urwclassico !important; font-size: 16px;\">Fatih Deniz, M\u00fcrver\u2019in zengin \u015farap se\u00e7kisinin, modern bar\u0131n\u0131n ve davetk\u00e2r servisinin arkas\u0131ndaki ekibin temel \u00fcyelerinden. Yerli \u015faraplar\u0131 el \u00fcst\u00fcnde tutan bir yakla\u015f\u0131mla \u015farap listesinin her zaman \u00e7a\u011fda\u015f ve g\u00fcncel kalmas\u0131na destek oluyor. Ekibiyle birlikte misafirler i\u00e7in en iyi deneyimi koordine ediyor.<\/p>\n\n<\/div>\n<\/div>\n\t\t\t\t\t<\/div>\n\t\t\t\t\t\t<\/div>\n\t\t\t\t<\/div>\n\t\t\t\t<\/div>\n\t\t\t\t\t<\/div>\n\t\t\t\t<\/div>\n\t\t<div class=\"elementor-element elementor-element-040bff4 e-con-full e-flex e-con e-parent\" data-id=\"040bff4\" data-element_type=\"container\">\n\t\t<div class=\"elementor-element elementor-element-3b79174 e-con-full elementor-hidden-mobile e-flex e-con e-child\" data-id=\"3b79174\" data-element_type=\"container\">\n\t\t\t\t<div class=\"elementor-element elementor-element-29be34b elementor-widget__width-initial elementor-widget elementor-widget-wd_text_block\" data-id=\"29be34b\" data-element_type=\"widget\" data-widget_type=\"wd_text_block.default\">\n\t\t\t\t<div class=\"elementor-widget-container\">\n\t\t\t\t\t\t\t<div class=\"wd-text-block reset-last-child text-center\">\n\t\t\t\n\t\t\t<div style=\"display: row;\">\n<div style=\"margin-bottom: 2%;\"><strong style=\"color: white; font-family: urwbold; font-size: 25px;\">\nEK\u0130P<\/strong><\/div>\n<div>\n<p style=\"color: white; font-family: urwclassico !important; font-size: 16px;\">M\u00fcrver\u2019in belkemi\u011fi, deneyimli profesyoneller ve gen\u00e7 yeteneklerden olu\u015fan dinamik bir ekip.<\/p>\n\n<\/div>\n<\/div>\n\t\t\t\t\t<\/div>\n\t\t\t\t\t\t<\/div>\n\t\t\t\t<\/div>\n\t\t\t\t<\/div>\n\t\t<div class=\"elementor-element elementor-element-60efda4 e-con-full elementor-hidden-desktop elementor-hidden-tablet e-flex e-con e-child\" data-id=\"60efda4\" data-element_type=\"container\">\n\t\t\t\t<div class=\"elementor-element elementor-element-f307c6c elementor-widget elementor-widget-wd_text_block\" data-id=\"f307c6c\" data-element_type=\"widget\" data-widget_type=\"wd_text_block.default\">\n\t\t\t\t<div class=\"elementor-widget-container\">\n\t\t\t\t\t\t\t<div class=\"wd-text-block reset-last-child text-center\">\n\t\t\t\n\t\t\t<p style=\"color: white; font-family: urwclassico; font-size: 12px;\">Deneyimli profesyonellerden ve yeni yeteneklerden olu\u015fan dinamik ekip, M\u00fcrver\u2019in bel kemi\u011fini olu\u015fturur. Servisten bara ve mutfa\u011fa kadar t\u00fcm alanlarda birlikte \u00e7al\u0131\u015farak M\u00fcrver\u2019in sundu\u011fu en iyisini ortaya koyarlar.<\/p>\n\t\t\t\t\t<\/div>\n\t\t\t\t\t\t<\/div>\n\t\t\t\t<\/div>\n\t\t\t\t<\/div>\n\t\t<div class=\"elementor-element elementor-element-fe50058 e-con-full elementor-hidden-mobile e-flex e-con e-child\" data-id=\"fe50058\" data-element_type=\"container\">\n\t\t\t\t<div class=\"elementor-element elementor-element-5f40067 elementor-widget elementor-widget-wd_image_or_svg\" data-id=\"5f40067\" data-element_type=\"widget\" data-widget_type=\"wd_image_or_svg.default\">\n\t\t\t\t<div class=\"elementor-widget-container\">\n\t\t\t\t\t\n\t\t<div class=\"wd-image text-left\">\n\t\t\t\t\t\t\t\t<img decoding=\"async\" width=\"1700\" height=\"1700\" src=\"https:\/\/www.murverrestaurant.com\/wp-content\/uploads\/2025\/10\/team-scaled-e1759908568539.jpg\" class=\"attachment-full size-full\" alt=\"\" srcset=\"https:\/\/www.murverrestaurant.com\/wp-content\/uploads\/2025\/10\/team-scaled-e1759908568539.jpg 1700w, https:\/\/www.murverrestaurant.com\/wp-content\/uploads\/2025\/10\/team-scaled-e1759908568539-430x430.jpg 430w, https:\/\/www.murverrestaurant.com\/wp-content\/uploads\/2025\/10\/team-scaled-e1759908568539-150x150.jpg 150w, https:\/\/www.murverrestaurant.com\/wp-content\/uploads\/2025\/10\/team-scaled-e1759908568539-700x700.jpg 700w, https:\/\/www.murverrestaurant.com\/wp-content\/uploads\/2025\/10\/team-scaled-e1759908568539-300x300.jpg 300w, https:\/\/www.murverrestaurant.com\/wp-content\/uploads\/2025\/10\/team-scaled-e1759908568539-800x800.jpg 800w, https:\/\/www.murverrestaurant.com\/wp-content\/uploads\/2025\/10\/team-scaled-e1759908568539-768x768.jpg 768w, https:\/\/www.murverrestaurant.com\/wp-content\/uploads\/2025\/10\/team-scaled-e1759908568539-1536x1536.jpg 1536w\" sizes=\"(max-width: 1700px) 100vw, 1700px\" \/>\t\t\t\t\t<\/div>\n\n\t\t\t\t\t\t<\/div>\n\t\t\t\t<\/div>\n\t\t\t\t<\/div>\n\t\t\t\t<\/div>\n\t\t<div class=\"elementor-element elementor-element-3d43cc7 e-con-full e-flex e-con e-parent\" data-id=\"3d43cc7\" data-element_type=\"container\">\n\t\t\t\t<div class=\"elementor-element elementor-element-8c1f74d elementor-widget__width-inherit about-first elementor-hidden-mobile elementor-widget elementor-widget-wd_image_or_svg\" data-id=\"8c1f74d\" data-element_type=\"widget\" data-widget_type=\"wd_image_or_svg.default\">\n\t\t\t\t<div class=\"elementor-widget-container\">\n\t\t\t\t\t\n\t\t<div class=\"wd-image text-center\">\n\t\t\t\t\t\t\t\t<img loading=\"lazy\" decoding=\"async\" width=\"2560\" height=\"1498\" src=\"https:\/\/www.murverrestaurant.com\/wp-content\/uploads\/2025\/10\/team_interior-warm-scaled-e1761827541670.jpg\" class=\"attachment-full size-full\" alt=\"\" srcset=\"https:\/\/www.murverrestaurant.com\/wp-content\/uploads\/2025\/10\/team_interior-warm-scaled-e1761827541670.jpg 2560w, https:\/\/www.murverrestaurant.com\/wp-content\/uploads\/2025\/10\/team_interior-warm-scaled-e1761827541670-400x234.jpg 400w, https:\/\/www.murverrestaurant.com\/wp-content\/uploads\/2025\/10\/team_interior-warm-scaled-e1761827541670-1300x761.jpg 1300w, https:\/\/www.murverrestaurant.com\/wp-content\/uploads\/2025\/10\/team_interior-warm-scaled-e1761827541670-768x449.jpg 768w, https:\/\/www.murverrestaurant.com\/wp-content\/uploads\/2025\/10\/team_interior-warm-scaled-e1761827541670-1536x899.jpg 1536w, https:\/\/www.murverrestaurant.com\/wp-content\/uploads\/2025\/10\/team_interior-warm-scaled-e1761827541670-2048x1198.jpg 2048w, https:\/\/www.murverrestaurant.com\/wp-content\/uploads\/2025\/10\/team_interior-warm-scaled-e1761827541670-18x12.jpg 18w, https:\/\/www.murverrestaurant.com\/wp-content\/uploads\/2025\/10\/team_interior-warm-scaled-e1761827541670-430x252.jpg 430w, https:\/\/www.murverrestaurant.com\/wp-content\/uploads\/2025\/10\/team_interior-warm-scaled-e1761827541670-700x410.jpg 700w, https:\/\/www.murverrestaurant.com\/wp-content\/uploads\/2025\/10\/team_interior-warm-scaled-e1761827541670-150x88.jpg 150w\" sizes=\"(max-width: 2560px) 100vw, 2560px\" \/>\t\t\t\t\t<\/div>\n\n\t\t\t\t\t\t<\/div>\n\t\t\t\t<\/div>\n\t\t<div class=\"elementor-element elementor-element-edde201 e-con-full e-flex e-con e-child\" data-id=\"edde201\" data-element_type=\"container\">\n\t\t\t\t<div class=\"elementor-element elementor-element-9592189 elementor-widget__width-inherit elementor-hidden-mobile elementor-widget elementor-widget-wd_text_block\" data-id=\"9592189\" data-element_type=\"widget\" data-widget_type=\"wd_text_block.default\">\n\t\t\t\t<div class=\"elementor-widget-container\">\n\t\t\t\t\t\t\t<div class=\"wd-text-block reset-last-child text-center\">\n\t\t\t\n\t\t\t<p style=\"color: white; font-family: urwclassico; font-size: 16px;\">\nM\u00fcrver\u2019in sahne arkas\u0131nda restorana ilk g\u00fcnden beri y\u00f6n veren \u015fef ve giri\u015fimci Mehmet G\u00fcrs var. \u00c7a\u011fda\u015f, merkezinde canl\u0131 ate\u015f, d\u00fcr\u00fcst ve iyi yemek olan bir \u0130stanbul restoran\u0131 yaratmak istemesiyle ba\u015flayan yolculuk, y\u0131llard\u0131r durmaks\u0131z\u0131n, s\u00fcrekli geli\u015ferek devam ediyor.<\/p>\n\t\t\t\t\t<\/div>\n\t\t\t\t\t\t<\/div>\n\t\t\t\t<\/div>\n\t\t\t\t<\/div>\n\t\t\t\t<\/div>\n\t\t\t\t<\/div>","protected":false},"excerpt":{"rendered":"<p>MEVL\u00dcT \u00d6ZKAYA HEAD CHEF Head Chef Mevl\u00fct \u00d6zkaya leads his team to consistently create our contemporary, straightforward and tasty food.<\/p>","protected":false},"author":1,"featured_media":0,"parent":0,"menu_order":0,"comment_status":"closed","ping_status":"closed","template":"elementor_header_footer","meta":{"footnotes":""},"class_list":["post-4400","page","type-page","status-publish","hentry"],"_links":{"self":[{"href":"https:\/\/www.murverrestaurant.com\/tr\/wp-json\/wp\/v2\/pages\/4400","targetHints":{"allow":["GET"]}}],"collection":[{"href":"https:\/\/www.murverrestaurant.com\/tr\/wp-json\/wp\/v2\/pages"}],"about":[{"href":"https:\/\/www.murverrestaurant.com\/tr\/wp-json\/wp\/v2\/types\/page"}],"author":[{"embeddable":true,"href":"https:\/\/www.murverrestaurant.com\/tr\/wp-json\/wp\/v2\/users\/1"}],"replies":[{"embeddable":true,"href":"https:\/\/www.murverrestaurant.com\/tr\/wp-json\/wp\/v2\/comments?post=4400"}],"version-history":[{"count":257,"href":"https:\/\/www.murverrestaurant.com\/tr\/wp-json\/wp\/v2\/pages\/4400\/revisions"}],"predecessor-version":[{"id":30410,"href":"https:\/\/www.murverrestaurant.com\/tr\/wp-json\/wp\/v2\/pages\/4400\/revisions\/30410"}],"wp:attachment":[{"href":"https:\/\/www.murverrestaurant.com\/tr\/wp-json\/wp\/v2\/media?parent=4400"}],"curies":[{"name":"wp","href":"https:\/\/api.w.org\/{rel}","templated":true}]}}