{"id":4439,"date":"2021-10-12T16:27:24","date_gmt":"2021-10-12T16:27:24","guid":{"rendered":"http:\/\/dummy.xtemos.com\/woodmart2\/elementor\/?page_id=4439"},"modified":"2025-11-19T07:49:21","modified_gmt":"2025-11-19T07:49:21","slug":"menu","status":"publish","type":"page","link":"https:\/\/www.murverrestaurant.com\/tr\/menu\/","title":{"rendered":"Men\u00fc"},"content":{"rendered":"<div data-elementor-type=\"wp-page\" data-elementor-id=\"4439\" class=\"elementor elementor-4439\">\n\t\t\t\t<div class=\"elementor-element elementor-element-7167c9b e-con-full e-flex e-con e-parent\" data-id=\"7167c9b\" data-element_type=\"container\" id=\"menu-page\" data-settings=\"{&quot;position&quot;:&quot;fixed&quot;}\">\n\t\t<div class=\"elementor-element elementor-element-7997270 e-con-full e-flex e-con e-child\" data-id=\"7997270\" data-element_type=\"container\">\n\t\t\t\t<div class=\"elementor-element elementor-element-8b3d137 elementor-widget__width-inherit elementor-widget elementor-widget-wd_text_block\" data-id=\"8b3d137\" data-element_type=\"widget\" data-widget_type=\"wd_text_block.default\">\n\t\t\t\t<div class=\"elementor-widget-container\">\n\t\t\t\t\t\t\t<div class=\"wd-text-block reset-last-child text-center\">\n\t\t\t\n\t\t\t<div style=\"margin-bottom: 20px;\"><p style=\"color: white; font-family: urwclassico; font-size: 14px;\">Men\u00fclerimiz mevsimsel malzemelere g\u00f6re s\u00fcrekli de\u011fi\u015fiyor. L\u00fctfen a\u015fa\u011f\u0131daki men\u00fcleri temsili birer \u00f6rnek olarak de\u011ferlendirin.<\/p><\/div><div style=\"display: flex; justify-content: center; gap: 15px; font-family: urwclassico;\" class=\"translation-block\"><a href=\"\/wp-content\/uploads\/2025\/10\/Murver-Menu-Dinner-TR.pdf\" target=\"_blank\" rel=\"noopener\"><br><strong style=\"color: white;font-family: urwclassico;font-size: 18px\">YEMEK<\/strong><br><\/a><br><a href=\"\/wp-content\/uploads\/2025\/10\/Murver-Menu-Wine-TR.pdf\" target=\"_blank\" rel=\"noopener\"><br><strong style=\"color: white;font-family: urwclassico;font-size: 18px\">\u015eARAP<\/strong><br><\/a><br><a href=\"\/wp-content\/uploads\/2025\/10\/Murver-Menu-Bar-TR.pdf\" target=\"_blank\" rel=\"noopener\"><br><strong style=\"color: white;font-family: urwclassico;font-size: 18px\">BAR<\/strong><br><\/a><br><a href=\"\/wp-content\/uploads\/2025\/10\/Murver-Menu-Sweet-TR.pdf\" target=\"_blank\" rel=\"noopener\"><br><strong style=\"color: white;font-family: urwclassico;font-size: 18px\">TATLI<\/strong><br><\/a><\/div>\n\t\t\t\t\t<\/div>\n\t\t\t\t\t\t<\/div>\n\t\t\t\t<\/div>\n\t\t\t\t<\/div>\n\t\t<div class=\"elementor-element elementor-element-2863fa4 e-con-full elementor-hidden-mobile e-flex e-con e-child\" data-id=\"2863fa4\" data-element_type=\"container\">\n\t\t<div class=\"elementor-element elementor-element-8c17dbb e-con-full e-flex e-con e-child\" data-id=\"8c17dbb\" data-element_type=\"container\" data-settings=\"{&quot;background_background&quot;:&quot;classic&quot;}\">\n\t\t\t\t<div class=\"elementor-element elementor-element-baa050e elementor-widget__width-inherit e-transform elementor-hidden-mobile elementor-widget elementor-widget-wd_slider\" data-id=\"baa050e\" data-element_type=\"widget\" data-settings=\"{&quot;_transform_translateY_effect_mobile&quot;:{&quot;unit&quot;:&quot;px&quot;,&quot;size&quot;:-25,&quot;sizes&quot;:[]},&quot;_transform_translateX_effect&quot;:{&quot;unit&quot;:&quot;px&quot;,&quot;size&quot;:&quot;&quot;,&quot;sizes&quot;:[]},&quot;_transform_translateX_effect_tablet&quot;:{&quot;unit&quot;:&quot;px&quot;,&quot;size&quot;:&quot;&quot;,&quot;sizes&quot;:[]},&quot;_transform_translateX_effect_mobile&quot;:{&quot;unit&quot;:&quot;px&quot;,&quot;size&quot;:&quot;&quot;,&quot;sizes&quot;:[]},&quot;_transform_translateY_effect&quot;:{&quot;unit&quot;:&quot;px&quot;,&quot;size&quot;:&quot;&quot;,&quot;sizes&quot;:[]},&quot;_transform_translateY_effect_tablet&quot;:{&quot;unit&quot;:&quot;px&quot;,&quot;size&quot;:&quot;&quot;,&quot;sizes&quot;:[]}}\" data-widget_type=\"wd_slider.default\">\n\t\t\t\t<div class=\"elementor-widget-container\">\n\t\t\t\t\t\t\t\t<link rel=\"stylesheet\" id=\"xts-style-term-112-css\" href=\"https:\/\/www.murverrestaurant.com\/wp-content\/uploads\/2026\/04\/xts-term-112-1776936865.css?ver=8.2.7\" type=\"text\/css\" media=\"all\">  \t\t\t<style>\t\t\t\t\t\t\t#slide-29892 .wd-slide-container {\n\t\t\t\t\t\t\t\t\t\t--wd-align-items: center;\n\t\t\t\t\t\t\t\t\t\t\t\t\t\t\t--wd-justify-content: center;\n\t\t\t\t\t\t\t\t\t}\n\t\t\t\t\t\t\t\t#slide-29892.woodmart-loaded .wd-slide-bg {\n\t\t\t\tbackground-image:url(http:\/\/www.murverrestaurant.com\/wp-content\/uploads\/2025\/10\/DSF7602-scaled-e1760989553418.jpg);\t\t\t\t}\n\n\t\t\t\t#slide-29892 .wd-slide-bg {\n\t\t\t\tbackground-color:#fefefe;\t\t\t\tbackground-size:cover;\n\t\t\t\t\t\t\t\t\t\tbackground-position:center center;\t\t\t\t\t\t\t\t\t}\n\n\t\t\t\t\n\t\t\t\t@media (max-width: 1024px) {\n\t\t\t\t\n\t\t\t\t\n\t\t\t\t\n\t\t\t\t\t#slide-29892 .wd-slide-bg {\n\t\t\t\t\t\t\t\t\t\t\t\t\t\t\t\t\t\t\n\t\t\t\t\t\t\t\t\t\t\t\t\t\t\t\t\t\t\t\t\t\t\t}\n\t\t\t\t}\n\n\t\t\t\t@media (max-width: 768px) {\n\t\t\t\t\n\t\t\t\t\n\t\t\t\t\n\t\t\t\t\t#slide-29892 .wd-slide-bg {\n\t\t\t\t\t\t\t\t\t\t\t\t\t\t\t\t\t\t\n\t\t\t\t\t\t\t\t\t\t\t\t\t\t\t\t\t\t\t\t\t\t\t}\n\t\t\t\t}\n\n\t\t\t\t\n\t\t\t\t\t\t\t\t\t\t\t\t\t\t\t#slide-29895 .wd-slide-container {\n\t\t\t\t\t\t\t\t\t\t--wd-align-items: center;\n\t\t\t\t\t\t\t\t\t\t\t\t\t\t\t--wd-justify-content: center;\n\t\t\t\t\t\t\t\t\t}\n\t\t\t\t\t\t\t\t#slide-29895.woodmart-loaded .wd-slide-bg {\n\t\t\t\tbackground-image:url(http:\/\/www.murverrestaurant.com\/wp-content\/uploads\/2025\/10\/DSF7513-scaled-e1760990167688.jpg);\t\t\t\t}\n\n\t\t\t\t#slide-29895 .wd-slide-bg {\n\t\t\t\tbackground-color:#fefefe;\t\t\t\tbackground-size:cover;\n\t\t\t\t\t\t\t\t\t\tbackground-position:center center;\t\t\t\t\t\t\t\t\t}\n\n\t\t\t\t\n\t\t\t\t@media (max-width: 1024px) {\n\t\t\t\t\n\t\t\t\t\n\t\t\t\t\n\t\t\t\t\t#slide-29895 .wd-slide-bg {\n\t\t\t\t\t\t\t\t\t\t\t\t\t\t\t\t\t\t\n\t\t\t\t\t\t\t\t\t\t\t\t\t\t\t\t\t\t\t\t\t\t\t}\n\t\t\t\t}\n\n\t\t\t\t@media (max-width: 768px) {\n\t\t\t\t\n\t\t\t\t\n\t\t\t\t\n\t\t\t\t\t#slide-29895 .wd-slide-bg {\n\t\t\t\t\t\t\t\t\t\t\t\t\t\t\t\t\t\t\n\t\t\t\t\t\t\t\t\t\t\t\t\t\t\t\t\t\t\t\t\t\t\t}\n\t\t\t\t}\n\n\t\t\t\t\n\t\t\t\t\t\t\t\t\t\t\t\t\t\t\t#slide-29907 .wd-slide-container {\n\t\t\t\t\t\t\t\t\t\t--wd-align-items: center;\n\t\t\t\t\t\t\t\t\t\t\t\t\t\t\t--wd-justify-content: left;\n\t\t\t\t\t\t\t\t\t}\n\t\t\t\t\t\t\t\t#slide-29907.woodmart-loaded .wd-slide-bg {\n\t\t\t\tbackground-image:url(http:\/\/www.murverrestaurant.com\/wp-content\/uploads\/2025\/10\/DSF2962-scaled-e1760990355929.jpg);\t\t\t\t}\n\n\t\t\t\t#slide-29907 .wd-slide-bg {\n\t\t\t\tbackground-color:#fefefe;\t\t\t\tbackground-size:cover;\n\t\t\t\t\t\t\t\t\t\tbackground-position:center center;\t\t\t\t\t\t\t\t\t}\n\n\t\t\t\t\n\t\t\t\t@media (max-width: 1024px) {\n\t\t\t\t\n\t\t\t\t\n\t\t\t\t\n\t\t\t\t\t#slide-29907 .wd-slide-bg {\n\t\t\t\t\t\t\t\t\t\t\t\t\t\t\t\t\t\t\n\t\t\t\t\t\t\t\t\t\t\t\t\t\t\t\t\t\t\t\t\t\t\t}\n\t\t\t\t}\n\n\t\t\t\t@media (max-width: 768px) {\n\t\t\t\t\n\t\t\t\t\n\t\t\t\t\n\t\t\t\t\t#slide-29907 .wd-slide-bg {\n\t\t\t\t\t\t\t\t\t\t\t\t\t\t\t\t\t\t\n\t\t\t\t\t\t\t\t\t\t\t\t\t\t\t\t\t\t\t\t\t\t\t}\n\t\t\t\t}\n\n\t\t\t\t\n\t\t\t\t\t\t\t\t\t\t\t\t\t\t\t#slide-29904 .wd-slide-container {\n\t\t\t\t\t\t\t\t\t\t--wd-align-items: center;\n\t\t\t\t\t\t\t\t\t\t\t\t\t\t\t--wd-justify-content: center;\n\t\t\t\t\t\t\t\t\t}\n\t\t\t\t\t\t\t\t#slide-29904.woodmart-loaded .wd-slide-bg {\n\t\t\t\tbackground-image:url(http:\/\/www.murverrestaurant.com\/wp-content\/uploads\/2025\/10\/DSF5803-scaled-e1760989611954.jpg);\t\t\t\t}\n\n\t\t\t\t#slide-29904 .wd-slide-bg {\n\t\t\t\tbackground-color:#fefefe;\t\t\t\tbackground-size:cover;\n\t\t\t\t\t\t\t\t\t\tbackground-position:center center;\t\t\t\t\t\t\t\t\t}\n\n\t\t\t\t\n\t\t\t\t@media (max-width: 1024px) {\n\t\t\t\t\n\t\t\t\t\n\t\t\t\t\n\t\t\t\t\t#slide-29904 .wd-slide-bg {\n\t\t\t\t\t\t\t\t\t\t\t\t\t\t\t\t\t\t\n\t\t\t\t\t\t\t\t\t\t\t\t\t\t\t\t\t\t\t\t\t\t\t}\n\t\t\t\t}\n\n\t\t\t\t@media (max-width: 768px) {\n\t\t\t\t\n\t\t\t\t\n\t\t\t\t\n\t\t\t\t\t#slide-29904 .wd-slide-bg {\n\t\t\t\t\t\t\t\t\t\t\t\t\t\t\t\t\t\t\n\t\t\t\t\t\t\t\t\t\t\t\t\t\t\t\t\t\t\t\t\t\t\t}\n\t\t\t\t}\n\n\t\t\t\t\n\t\t\t\t\t\t\t\t<\/style>\n\t\t<div id=\"slider-112\" data-id=\"112\" class=\"wd-slider wd-carousel-container wd-anim-slide wd-section-container\">\n\t\t\t<div class=\"wd-carousel-inner\">\n\t\t\t\t<div class=\"wd-carousel wd-grid\" data-speed=\"2500\" data-wrap=\"yes\" data-autoplay=\"yes\" data-autoheight=\"yes\" data-scroll_per_page=\"yes\" data-sliding_speed=\"700\" data-effect=\"slide\" style=\"--wd-col-lg:1;--wd-col-md:1;--wd-col-sm:1;\">\n\t\t\t\t\t<div class=\"wd-carousel-wrap\">\n\t\t\t\t\t\t\t\t\t\t\t\t\t\t\t\t\t\t\t\t<div id=\"slide-29892\" class=\"wd-slide wd-carousel-item woodmart-loaded\" >\n\t\t\t\t\t\t\t\t\t\t\t\t\t\t\t\t<div class=\"container wd-slide-container content-full-width\">\n\t\t\t\t\t\t\t\t\t<div class=\"wd-slide-inner\">\n\t\t\t\t\t\t\t\t\t\t\t\t\t\t\t\t\t\t\t\t\t\t\t\t\t\t\t\t\t\t\t\t\t\t\t\t\t\t\t\t<\/div>\n\t\t\t\t\t\t\t\t<\/div>\n\n\t\t\t\t\t\t\t\t<div class=\"wd-slide-bg wd-fill\"><\/div>\n\n\t\t\t\t\t\t\t\t\t\t\t\t\t\t\t<\/div>\n\n\t\t\t\t\t\t\t\t\t\t\t\t\t\t\t\t\t\t\t\t\t\t\t\t\t\t\t\t\t\t\t\t\t\t\t\t\t\t\t\t\t\t<div id=\"slide-29895\" class=\"wd-slide wd-carousel-item\" >\n\t\t\t\t\t\t\t\t\t\t\t\t\t\t\t\t<div class=\"container wd-slide-container content-full-width\">\n\t\t\t\t\t\t\t\t\t<div class=\"wd-slide-inner\">\n\t\t\t\t\t\t\t\t\t\t\t\t\t\t\t\t\t\t\t\t\t\t\t\t\t\t\t\t\t\t\t\t\t\t\t\t\t\t\t\t<\/div>\n\t\t\t\t\t\t\t\t<\/div>\n\n\t\t\t\t\t\t\t\t<div class=\"wd-slide-bg wd-fill\"><\/div>\n\n\t\t\t\t\t\t\t\t\t\t\t\t\t\t\t<\/div>\n\n\t\t\t\t\t\t\t\t\t\t\t\t\t\t\t\t\t\t\t\t\t\t\t\t\t\t\t<div id=\"slide-29907\" class=\"wd-slide wd-carousel-item\" >\n\t\t\t\t\t\t\t\t\t\t\t\t\t\t\t\t<div class=\"container wd-slide-container content-full-width\">\n\t\t\t\t\t\t\t\t\t<div class=\"wd-slide-inner\">\n\t\t\t\t\t\t\t\t\t\t\t\t\t\t\t\t\t\t\t\t\t\t\t\t\t\t\t\t\t\t\t\t\t\t\t\t\t\t\t\t<\/div>\n\t\t\t\t\t\t\t\t<\/div>\n\n\t\t\t\t\t\t\t\t<div class=\"wd-slide-bg wd-fill\"><\/div>\n\n\t\t\t\t\t\t\t\t\t\t\t\t\t\t\t<\/div>\n\n\t\t\t\t\t\t\t\t\t\t\t\t\t\t\t\t\t\t\t\t\t\t\t\t\t\t\t<div id=\"slide-29904\" class=\"wd-slide wd-carousel-item\" >\n\t\t\t\t\t\t\t\t\t\t\t\t\t\t\t\t<div class=\"container wd-slide-container content-full-width\">\n\t\t\t\t\t\t\t\t\t<div class=\"wd-slide-inner\">\n\t\t\t\t\t\t\t\t\t\t\t\t\t\t\t\t\t\t\t\t\t\t\t\t\t\t\t\t\t\t\t\t\t\t\t\t\t\t\t\t<\/div>\n\t\t\t\t\t\t\t\t<\/div>\n\n\t\t\t\t\t\t\t\t<div class=\"wd-slide-bg wd-fill\"><\/div>\n\n\t\t\t\t\t\t\t\t\t\t\t\t\t\t\t<\/div>\n\n\t\t\t\t\t\t\t\t\t\t\t\t\t\t\t\t\t\t<\/div>\n\t\t\t\t<\/div>\n\n\t\t\t\t\t\t\t\t\t\t\t\t\t\t<div class=\"wd-nav-arrows wd-slider-arrows wd-custom-style wd-style-1 wd-pos-sep color-scheme-light\">\n\t\t\t\t\t\t<div class=\"wd-btn-arrow wd-prev\">\n\t\t\t\t\t\t\t<div class=\"wd-arrow-inner\"><\/div>\n\t\t\t\t\t\t<\/div>\n\t\t\t\t\t\t<div class=\"wd-btn-arrow wd-next\">\n\t\t\t\t\t\t\t<div class=\"wd-arrow-inner\"><\/div>\n\t\t\t\t\t\t<\/div>\n\t\t\t\t\t<\/div>\n\t\t\t\t\t\t\t<\/div>\n\n\t\t\t\t\t\t\t\t\t\t\t<div class=\"wd-nav-pagin-wrap wd-slider-pagin wd-custom-style wd-style-shape-1 text-center\">\n\t\t\t\t\t<ul class=\"wd-nav-pagin\"><\/ul>\n\t\t\t\t<\/div>\n\t\t\t\t\t<\/div>\n\t\t\t\t\t\t<\/div>\n\t\t\t\t<\/div>\n\t\t\t\t<\/div>\n\t\t<div class=\"elementor-element elementor-element-5eb5568 e-con-full e-flex e-con e-child\" data-id=\"5eb5568\" data-element_type=\"container\">\n\t\t\t\t<div class=\"elementor-element elementor-element-0d73e81 elementor-hidden-mobile elementor-widget elementor-widget-wd_slider\" data-id=\"0d73e81\" data-element_type=\"widget\" data-widget_type=\"wd_slider.default\">\n\t\t\t\t<div class=\"elementor-widget-container\">\n\t\t\t\t\t\t\t\t<link rel=\"stylesheet\" id=\"xts-style-term-113-css\" href=\"https:\/\/www.murverrestaurant.com\/wp-content\/uploads\/2026\/04\/xts-term-113-1776936865.css?ver=8.2.7\" type=\"text\/css\" media=\"all\">  \t\t\t<style>\t\t\t\t\t\t\t#slide-30115 .wd-slide-container {\n\t\t\t\t\t\t\t\t\t\t--wd-align-items: center;\n\t\t\t\t\t\t\t\t\t\t\t\t\t\t\t--wd-justify-content: left;\n\t\t\t\t\t\t\t\t\t}\n\t\t\t\t\t\t\t\t#slide-30115.woodmart-loaded .wd-slide-bg {\n\t\t\t\tbackground-image:url(http:\/\/www.murverrestaurant.com\/wp-content\/uploads\/2025\/10\/menu-right-topright-scaled-e1760990423671.jpg);\t\t\t\t}\n\n\t\t\t\t#slide-30115 .wd-slide-bg {\n\t\t\t\tbackground-color:#fefefe;\t\t\t\tbackground-size:cover;\n\t\t\t\t\t\t\t\t\t\tbackground-position:center center;\t\t\t\t\t\t\t\t\t}\n\n\t\t\t\t\t\t\t\t\t#slide-30115 .wd-slide-inner {\n\t\t\t\t\t\tmax-width:1200px;\t\t\t\t\t}\n\t\t\t\t\n\t\t\t\t@media (max-width: 1024px) {\n\t\t\t\t\n\t\t\t\t\n\t\t\t\t\t\t\t\t\t\t#slide-30115 .wd-slide-inner {\n\t\t\t\t\t\t\tmax-width:1200px;\t\t\t\t\t\t}\n\t\t\t\t\t\n\t\t\t\t\t#slide-30115 .wd-slide-bg {\n\t\t\t\t\t\t\t\t\t\t\t\t\t\t\t\t\t\t\n\t\t\t\t\t\t\t\t\t\t\t\t\t\t\t\t\t\t\t\t\t\t\t}\n\t\t\t\t}\n\n\t\t\t\t@media (max-width: 768px) {\n\t\t\t\t\n\t\t\t\t\n\t\t\t\t\t\t\t\t\t\t#slide-30115 .wd-slide-inner {\n\t\t\t\t\t\t\tmax-width:500px;\t\t\t\t\t\t}\n\t\t\t\t\t\n\t\t\t\t\t#slide-30115 .wd-slide-bg {\n\t\t\t\t\t\t\t\t\t\t\t\t\t\t\t\t\t\t\n\t\t\t\t\t\t\t\t\t\t\t\t\t\t\t\t\t\t\t\t\t\t\t}\n\t\t\t\t}\n\n\t\t\t\t\n\t\t\t\t\t\t\t\t<\/style>\n\t\t<div id=\"slider-113\" data-id=\"113\" class=\"wd-slider wd-carousel-container wd-anim-slide wd-section-container\">\n\t\t\t<div class=\"wd-carousel-inner\">\n\t\t\t\t<div class=\"wd-carousel wd-grid\" data-wrap=\"yes\" data-autoheight=\"yes\" data-scroll_per_page=\"yes\" data-sliding_speed=\"700\" data-effect=\"slide\" style=\"--wd-col-lg:1;--wd-col-md:1;--wd-col-sm:1;\">\n\t\t\t\t\t<div class=\"wd-carousel-wrap\">\n\t\t\t\t\t\t\t\t\t\t\t\t\t\t\t\t\t\t\t\t<div id=\"slide-30115\" class=\"wd-slide wd-carousel-item woodmart-loaded\" >\n\t\t\t\t\t\t\t\t\t\t\t\t\t\t\t\t<div class=\"container wd-slide-container content-fixed\">\n\t\t\t\t\t\t\t\t\t<div class=\"wd-slide-inner\">\n\t\t\t\t\t\t\t\t\t\t\t\t\t\t\t\t\t\t\t\t\t\t\t\t\t\t\t\t\t\t\t\t\t\t\t\t\t\t\t\t<\/div>\n\t\t\t\t\t\t\t\t<\/div>\n\n\t\t\t\t\t\t\t\t<div class=\"wd-slide-bg wd-fill\"><\/div>\n\n\t\t\t\t\t\t\t\t\t\t\t\t\t\t\t<\/div>\n\n\t\t\t\t\t\t\t\t\t\t\t\t\t\t\t\t\t\t\t\t\t\t\t\t\t\t\t\t\t\t\t\t\t<\/div>\n\t\t\t\t<\/div>\n\n\t\t\t\t\t\t\t\t\t\t\t\t\t\t<div class=\"wd-nav-arrows wd-slider-arrows wd-custom-style wd-style-1 wd-pos-sep\">\n\t\t\t\t\t\t<div class=\"wd-btn-arrow wd-prev\">\n\t\t\t\t\t\t\t<div class=\"wd-arrow-inner\"><\/div>\n\t\t\t\t\t\t<\/div>\n\t\t\t\t\t\t<div class=\"wd-btn-arrow wd-next\">\n\t\t\t\t\t\t\t<div class=\"wd-arrow-inner\"><\/div>\n\t\t\t\t\t\t<\/div>\n\t\t\t\t\t<\/div>\n\t\t\t\t\t\t\t<\/div>\n\n\t\t\t\t\t\t\t\t\t\t\t<div class=\"wd-nav-pagin-wrap wd-slider-pagin wd-custom-style wd-style-shape-1 text-center\">\n\t\t\t\t\t<ul class=\"wd-nav-pagin\"><\/ul>\n\t\t\t\t<\/div>\n\t\t\t\t\t<\/div>\n\t\t\t\t\t\t<\/div>\n\t\t\t\t<\/div>\n\t\t\t\t<\/div>\n\t\t\t\t<\/div>\n\t\t\t\t<\/div>\n\t\t\t\t<\/div>","protected":false},"excerpt":{"rendered":"<p>Our menus are continuously updated according to the season\u2019s ingredients. Please refer to the below menus as representative examples of<\/p>","protected":false},"author":1,"featured_media":0,"parent":0,"menu_order":0,"comment_status":"closed","ping_status":"closed","template":"","meta":{"footnotes":""},"class_list":["post-4439","page","type-page","status-publish","hentry"],"_links":{"self":[{"href":"https:\/\/www.murverrestaurant.com\/tr\/wp-json\/wp\/v2\/pages\/4439","targetHints":{"allow":["GET"]}}],"collection":[{"href":"https:\/\/www.murverrestaurant.com\/tr\/wp-json\/wp\/v2\/pages"}],"about":[{"href":"https:\/\/www.murverrestaurant.com\/tr\/wp-json\/wp\/v2\/types\/page"}],"author":[{"embeddable":true,"href":"https:\/\/www.murverrestaurant.com\/tr\/wp-json\/wp\/v2\/users\/1"}],"replies":[{"embeddable":true,"href":"https:\/\/www.murverrestaurant.com\/tr\/wp-json\/wp\/v2\/comments?post=4439"}],"version-history":[{"count":151,"href":"https:\/\/www.murverrestaurant.com\/tr\/wp-json\/wp\/v2\/pages\/4439\/revisions"}],"predecessor-version":[{"id":30375,"href":"https:\/\/www.murverrestaurant.com\/tr\/wp-json\/wp\/v2\/pages\/4439\/revisions\/30375"}],"wp:attachment":[{"href":"https:\/\/www.murverrestaurant.com\/tr\/wp-json\/wp\/v2\/media?parent=4439"}],"curies":[{"name":"wp","href":"https:\/\/api.w.org\/{rel}","templated":true}]}}